{"id":4378,"date":"2023-05-31T02:51:35","date_gmt":"2023-05-31T02:51:35","guid":{"rendered":"https:\/\/binhtri.com\/product\/xylene-mixed-xylene\/"},"modified":"2023-07-05T08:03:46","modified_gmt":"2023-07-05T08:03:46","slug":"xylene-mixed-xylene","status":"publish","type":"product","link":"https:\/\/binhtri.com\/en\/product\/xylene-mixed-xylene\/","title":{"rendered":"XYLENE (MIXED XYLENE)"},"content":{"rendered":"<p>M\u00f4 t\u1ea3: XYLENE (MIXED XYLENE) \u0111\u01b0\u1ee3c t\u1ea1o th\u00e0nh t\u1eeb c\u00e1c h\u1ee3p ch\u1ea5t hydrocarbon th\u01a1m, c\u00f3 c\u00f4ng th\u1ee9c h\u00f3a h\u1ecdc C<sub>8<\/sub>H<sub>10<\/sub>. Xylene l\u00e0 ch\u1ea5t l\u1ecfng trong su\u1ed1t, kh\u00f4ng m\u00e0u, \u0111\u1ed9 bay h\u01a1i t\u1ed1t. N\u00f3 c\u00f3 th\u1ec3 h\u00f2a tan v\u1edbi c\u1ed3n, ether, d\u1ea7u th\u1ef1c v\u1eadt v\u00e0 h\u1ea7u h\u1ebft c\u00e1c dung m\u00f4i h\u1eefu c\u01a1 kh\u00e1c nh\u01b0ng kh\u00f4ng tan trong n\u01b0\u1edbc.<br \/>\n\u1ee8ng d\u1ee5ng:<br \/>\n&#8211; Xylene \u0111\u01b0\u1ee3c d\u00f9ng ch\u1ee7 y\u1ebfu l\u00e0m dung m\u00f4i h\u00f2a tan c\u00e1c lo\u1ea1i nh\u1ef1a t\u1ed5ng h\u1ee3p, s\u1ea3n xu\u1ea5t s\u01a1n<br \/>\n&#8211; S\u1ea3n xu\u1ea5t thu\u1ed1c tr\u1eeb s\u00e2u, thu\u1ed1c b\u1ea3o v\u1ec7 th\u1ef1c v\u1eadt<br \/>\n&#8211; D\u00f9ng l\u00e0m ph\u1ee5 gia cho nhi\u00ean li\u1ec7u, x\u0103ng d\u1ea7u<br \/>\n&#8211; S\u1ea3n xu\u1ea5t ho\u00e1 ch\u1ea5t t\u1ea9y r\u1eeda c\u00f4ng nghi\u1ec7p, ch\u1ea5t t\u1ea9y d\u1ea7u m\u1ee1 th\u00f4ng d\u1ee5ng<br \/>\n&#8211; Th\u00e0nh ph\u1ea7n ng\u0103n ng\u1eeba r\u1ec9 s\u00e9t, ch\u1ea5t ch\u1ed1ng r\u1ec9 trong c\u00e1c ch\u1ea5t t\u1ea9y r\u1eeda kim lo\u1ea1i<\/p>\n","protected":false},"excerpt":{"rendered":"<p>Xu\u1ea5t x\u1ee9: H\u00e0n Qu\u1ed1c, Th\u00e1i Lan, Nh\u1eadt B\u1ea3n<br \/>\nQuy c\u00e1ch: X\u00e1 (Bulk) &#8211; 179 Kg\/phuy<br \/>\nS\u1ed1 CAS: 1330-20-7<br \/>\nC\u00f4ng th\u1ee9c ph\u00e2n t\u1eed: C<sub>8<\/sub>H<sub>10<\/sub><br \/>\nT\u1ef7 tr\u1ecdng: 0.865 \u2013 0.877 g\/cm<sup>3<\/sup> (15.56 \u00b0C)<br \/>\nT\u00ean kh\u00e1c: Xylol<br \/>\nT\u00ean IUPAC: N\/A<\/p>\n","protected":false},"featured_media":3895,"comment_status":"open","ping_status":"closed","template":"","meta":[],"product_cat":[153,152,150,149],"product_tag":[],"class_list":["post-4378","product","type-product","status-publish","has-post-thumbnail","hentry","product_cat-agro-pharmaceutical-industry","product_cat-cleaning-industry","product_cat-paint-coating-and-printing-industry","product_cat-solvents"],"_links":{"self":[{"href":"https:\/\/binhtri.com\/en\/wp-json\/wp\/v3\/product\/4378","targetHints":{"allow":["GET"]}}],"collection":[{"href":"https:\/\/binhtri.com\/en\/wp-json\/wp\/v3\/product"}],"about":[{"href":"https:\/\/binhtri.com\/en\/wp-json\/wp\/v2\/types\/product"}],"replies":[{"embeddable":true,"href":"https:\/\/binhtri.com\/en\/wp-json\/wp\/v2\/comments?post=4378"}],"wp:featuredmedia":[{"embeddable":true,"href":"https:\/\/binhtri.com\/en\/wp-json\/wp\/v2\/media\/3895"}],"wp:attachment":[{"href":"https:\/\/binhtri.com\/en\/wp-json\/wp\/v2\/media?parent=4378"}],"wp:term":[{"taxonomy":"product_cat","embeddable":true,"href":"https:\/\/binhtri.com\/en\/wp-json\/wp\/v2\/product_cat?post=4378"},{"taxonomy":"product_tag","embeddable":true,"href":"https:\/\/binhtri.com\/en\/wp-json\/wp\/v2\/product_tag?post=4378"}],"curies":[{"name":"wp","href":"https:\/\/api.w.org\/{rel}","templated":true}]}}